{"id":7,"date":"2021-02-10T18:03:17","date_gmt":"2021-02-10T16:03:17","guid":{"rendered":"http:\/\/www.unikredits.lv\/?page_id=7\/"},"modified":"2026-03-20T10:46:34","modified_gmt":"2026-03-20T08:46:34","slug":"unikredits-lizings-paterina-kredits-aizdevumi-un-apvienosana","status":"publish","type":"page","link":"https:\/\/www.unikredits.lv\/ru\/","title":{"rendered":"UniKredits &#8211; l\u012bzings, pat\u0113ri\u0146a kred\u012bts, aizdevumi un apvieno\u0161ana"},"content":{"rendered":"\n<h2 class=\"wp-block-heading\">Kas ir UniKredits.lv?<\/h2>\n\n\n\n<p>UniKredits.lv ir m\u016bsdien\u012bgs kred\u012btu sal\u012bdzin\u0101\u0161anas port\u0101ls, kas pal\u012bdz lietot\u0101jiem \u0101tri un \u0113rti atrast piem\u0113rot\u0101ko aizdevumu no da\u017e\u0101diem Latvij\u0101 pieejamiem pied\u0101v\u0101jumiem. T\u0101 viet\u0101, lai individu\u0101li apmekl\u0113tu katra aizdev\u0113ja m\u0101jaslapu, lietot\u0101ji vienuviet var p\u0101rskat\u012bt vair\u0101kas iesp\u0113jas, sal\u012bdzin\u0101t nosac\u012bjumus un pie\u0146emt inform\u0113tu l\u0113mumu. Port\u0101ls ir veidots, lai ietaup\u012btu gan laiku, gan naudu, nodro\u0161inot p\u0101rskat\u0101mu inform\u0101ciju par kred\u012btu izmaks\u0101m, procentu likm\u0113m un atmaksas termi\u0146iem.<\/p>\n\n\n\n<h2 class=\"wp-block-heading\">Pla\u0161s kred\u012btu veidu kl\u0101sts<\/h2>\n\n\n\n<p>UniKredits.lv pied\u0101v\u0101 iesp\u0113ju sal\u012bdzin\u0101t da\u017e\u0101da veida aizdevumus, piel\u0101gojoties da\u017e\u0101d\u0101m finan\u0161u situ\u0101cij\u0101m un vajadz\u012bb\u0101m. Platform\u0101 iesp\u0113jams atrast:<\/p>\n\n\n\n<ul class=\"wp-block-list\">\n<li>\u0100tros kred\u012btus neparedz\u0113tiem izdevumiem<\/li>\n\n\n\n<li>Pat\u0113ri\u0146a kred\u012btus liel\u0101kiem pirkumiem vai pakalpojumiem<\/li>\n\n\n\n<li>Hipotek\u0101ros kred\u012btus m\u0101jok\u013ca ieg\u0101dei vai b\u016bvniec\u012bbai<\/li>\n\n\n\n<li>Kred\u012btl\u012bnijas ar elast\u012bgu aiz\u0146em\u0161an\u0101s iesp\u0113ju<\/li>\n\n\n\n<li>Aizdevumus uz\u0146\u0113m\u0113jdarb\u012bbai un citiem m\u0113r\u0137iem<\/li>\n<\/ul>\n\n\n\n<p>\u0160\u0101da daudzveid\u012bba \u013cauj lietot\u0101jiem izv\u0113l\u0113ties risin\u0101jumu, kas vislab\u0101k atbilst vi\u0146u finansi\u0101lajai situ\u0101cijai.<\/p>\n\n\n\n<h2 class=\"wp-block-heading\">Kred\u012btu apvieno\u0161ana un p\u0101rkredit\u0101cija<\/h2>\n\n\n\n<p>Papildus jaunu aizdevumu sal\u012bdzin\u0101\u0161anai, UniKredits.lv pied\u0101v\u0101 ar\u012b iesp\u0113ju izv\u0113rt\u0113t kred\u012btu apvieno\u0161anas un p\u0101rkredit\u0101cijas pied\u0101v\u0101jumus. Tas ir \u012bpa\u0161i noder\u012bgi tiem, kuriem ir vair\u0101ki eso\u0161i aizdevumi un kuri v\u0113las tos apvienot vien\u0101 maks\u0101jum\u0101 ar izdev\u012bg\u0101kiem nosac\u012bjumiem. P\u0101rkredit\u0101cija var pal\u012bdz\u0113t samazin\u0101t ikm\u0113ne\u0161a maks\u0101jumus, uzlabot procentu likmi vai vienk\u0101r\u0161ot finan\u0161u p\u0101rvald\u012bbu.<\/p>\n\n\n\n<h2 class=\"wp-block-heading\">Vienk\u0101r\u0161a un \u0113rta lieto\u0161ana<\/h2>\n\n\n\n<p>Port\u0101ls ir izstr\u0101d\u0101ts ar uzsvaru uz lietot\u0101ja \u0113rt\u012bb\u0101m. Viss process \u2013 no kred\u012btu sal\u012bdzin\u0101\u0161anas l\u012bdz pieteikuma iesnieg\u0161anai \u2013 notiek tie\u0161saist\u0113. Lietot\u0101ji var \u0101tri ievad\u012bt sev interes\u0113jo\u0161o summu un termi\u0146u, un sist\u0113ma pied\u0101v\u0101 atbilsto\u0161\u0101kos variantus no da\u017e\u0101diem aizdev\u0113jiem.<\/p>\n\n\n\n<h2 class=\"wp-block-heading\">K\u0101p\u0113c izv\u0113l\u0113ties UniKredits.lv?<\/h2>\n\n\n\n<p>UniKredits.lv galven\u0101 priek\u0161roc\u012bba ir p\u0101rskat\u0101m\u012bba un iesp\u0113ja vienuviet sal\u012bdzin\u0101t vair\u0101kus kred\u012btu pied\u0101v\u0101jumus. Tas pal\u012bdz pie\u0146emt gudr\u0101kus finan\u0161u l\u0113mumus un izvair\u012bties no nevajadz\u012bg\u0101m izmaks\u0101m. Neatkar\u012bgi no t\u0101, vai nepiecie\u0161ams neliels \u012bstermi\u0146a aizdevums vai ilgtermi\u0146a finans\u0113jums, port\u0101ls sniedz iesp\u0113ju atrast piem\u0113rot\u0101ko risin\u0101jumu \u0101tri un vienk\u0101r\u0161i.<\/p>\n","protected":false},"excerpt":{"rendered":"<p>Kas ir UniKredits.lv? UniKredits.lv ir m\u016bsdien\u012bgs kred\u012btu sal\u012bdzin\u0101\u0161anas port\u0101ls, kas pal\u012bdz lietot\u0101jiem \u0101tri un \u0113rti atrast piem\u0113rot\u0101ko aizdevumu no da\u017e\u0101diem Latvij\u0101 pieejamiem pied\u0101v\u0101jumiem. T\u0101 viet\u0101, lai individu\u0101li apmekl\u0113tu katra aizdev\u0113ja m\u0101jaslapu, lietot\u0101ji vienuviet var p\u0101rskat\u012bt vair\u0101kas iesp\u0113jas, sal\u012bdzin\u0101t nosac\u012bjumus un pie\u0146emt inform\u0113tu l\u0113mumu. Port\u0101ls ir veidots, lai ietaup\u012btu gan laiku, gan naudu, nodro\u0161inot p\u0101rskat\u0101mu inform\u0101ciju [&hellip;]<\/p>\n","protected":false},"author":1,"featured_media":0,"parent":0,"menu_order":0,"comment_status":"closed","ping_status":"closed","template":"templates\/home-layout.php","meta":{"footnotes":""},"class_list":["post-7","page","type-page","status-publish","hentry"],"aioseo_notices":[],"_links":{"self":[{"href":"https:\/\/www.unikredits.lv\/ru\/wp-json\/wp\/v2\/pages\/7","targetHints":{"allow":["GET"]}}],"collection":[{"href":"https:\/\/www.unikredits.lv\/ru\/wp-json\/wp\/v2\/pages"}],"about":[{"href":"https:\/\/www.unikredits.lv\/ru\/wp-json\/wp\/v2\/types\/page"}],"author":[{"embeddable":true,"href":"https:\/\/www.unikredits.lv\/ru\/wp-json\/wp\/v2\/users\/1"}],"replies":[{"embeddable":true,"href":"https:\/\/www.unikredits.lv\/ru\/wp-json\/wp\/v2\/comments?post=7"}],"version-history":[{"count":2,"href":"https:\/\/www.unikredits.lv\/ru\/wp-json\/wp\/v2\/pages\/7\/revisions"}],"predecessor-version":[{"id":35,"href":"https:\/\/www.unikredits.lv\/ru\/wp-json\/wp\/v2\/pages\/7\/revisions\/35"}],"wp:attachment":[{"href":"https:\/\/www.unikredits.lv\/ru\/wp-json\/wp\/v2\/media?parent=7"}],"curies":[{"name":"wp","href":"https:\/\/api.w.org\/{rel}","templated":true}]}}